{"id":614,"date":"2024-05-30T11:17:04","date_gmt":"2024-05-30T11:17:04","guid":{"rendered":"https:\/\/test-okt-24.lizenzwerft.de\/?page_id=614"},"modified":"2026-02-24T13:26:26","modified_gmt":"2026-02-24T12:26:26","slug":"about","status":"publish","type":"page","link":"https:\/\/lizenzwerft.de\/en\/about\/","title":{"rendered":"About"},"content":{"rendered":"<style>.elementor-614 .elementor-element.elementor-element-711f7354{--display:flex;--min-height:50vh;--flex-direction:row;--container-widget-width:calc( ( 1 - var( --container-widget-flex-grow ) ) * 100% );--container-widget-height:100%;--container-widget-flex-grow:1;--container-widget-align-self:stretch;--flex-wrap-mobile:wrap;--align-items:stretch;--gap:0px 0px;--row-gap:0px;--column-gap:0px;--overlay-opacity:0.5;--padding-top:150px;--padding-bottom:150px;--padding-left:0px;--padding-right:0px;}.elementor-614 .elementor-element.elementor-element-711f7354:not(.elementor-motion-effects-element-type-background), .elementor-614 .elementor-element.elementor-element-711f7354 > .elementor-motion-effects-container > .elementor-motion-effects-layer{background-color:#24465A;background-image:url(\"https:\/\/lizenzwerft.de\/wp-content\/uploads\/2024\/08\/brands-gesammelt_mosaik.webp\");background-position:center center;background-repeat:repeat;background-size:contain;}.elementor-614 .elementor-element.elementor-element-711f7354::before, .elementor-614 .elementor-element.elementor-element-711f7354 > .elementor-background-video-container::before, .elementor-614 .elementor-element.elementor-element-711f7354 > .e-con-inner > .elementor-background-video-container::before, .elementor-614 .elementor-element.elementor-element-711f7354 > .elementor-background-slideshow::before, .elementor-614 .elementor-element.elementor-element-711f7354 > .e-con-inner > .elementor-background-slideshow::before, .elementor-614 .elementor-element.elementor-element-711f7354 > .elementor-motion-effects-container > .elementor-motion-effects-layer::before{--background-overlay:'';}.elementor-614 .elementor-element.elementor-element-6bedb8c{--display:flex;--justify-content:center;--gap:15px 15px;--row-gap:15px;--column-gap:15px;--margin-top:0px;--margin-bottom:0px;--margin-left:0px;--margin-right:0px;}.elementor-614 .elementor-element.elementor-element-ebd29d3{text-align:center;}.elementor-614 .elementor-element.elementor-element-ebd29d3 .elementor-heading-title{font-family:var( --e-global-typography-secondary-font-family ), Sans-serif;font-size:var( --e-global-typography-secondary-font-size );font-weight:var( --e-global-typography-secondary-font-weight );line-height:var( --e-global-typography-secondary-line-height );color:var( --e-global-color-1dcef06 );}.elementor-614 .elementor-element.elementor-element-ebd29d3 > .elementor-widget-container{padding:20px 20px 20px 20px;background-color:#24465AC7;}.elementor-614 .elementor-element.elementor-element-ebd29d3.elementor-element{--align-self:center;}.elementor-614 .elementor-element.elementor-element-5b7efba{--display:flex;--flex-direction:column;--container-widget-width:calc( ( 1 - var( --container-widget-flex-grow ) ) * 100% );--container-widget-height:initial;--container-widget-flex-grow:0;--container-widget-align-self:initial;--flex-wrap-mobile:wrap;--align-items:center;--gap:0px 0px;--row-gap:0px;--column-gap:0px;--overlay-opacity:0.15;--padding-top:7%;--padding-bottom:5%;--padding-left:0%;--padding-right:0%;--z-index:2;}.elementor-614 .elementor-element.elementor-element-5b7efba::before, .elementor-614 .elementor-element.elementor-element-5b7efba > .elementor-background-video-container::before, .elementor-614 .elementor-element.elementor-element-5b7efba > .e-con-inner > .elementor-background-video-container::before, .elementor-614 .elementor-element.elementor-element-5b7efba > .elementor-background-slideshow::before, .elementor-614 .elementor-element.elementor-element-5b7efba > .e-con-inner > .elementor-background-slideshow::before, .elementor-614 .elementor-element.elementor-element-5b7efba > .elementor-motion-effects-container > .elementor-motion-effects-layer::before{--background-overlay:'';background-image:url(\"https:\/\/lizenzwerft.de\/wp-content\/uploads\/2024\/06\/2-3.png\");background-position:90% 80%;background-repeat:no-repeat;background-size:20% auto;}.elementor-614 .elementor-element.elementor-element-424027e{--display:flex;--flex-direction:column;--container-widget-width:100%;--container-widget-height:initial;--container-widget-flex-grow:0;--container-widget-align-self:initial;--flex-wrap-mobile:wrap;--padding-top:0%;--padding-bottom:0%;--padding-left:0%;--padding-right:40%;}.elementor-614 .elementor-element.elementor-element-07d5b71{text-align:start;}.elementor-614 .elementor-element.elementor-element-07d5b71 .elementor-heading-title{font-family:\"League Spartan\", Sans-serif;font-size:17px;font-weight:400;text-transform:uppercase;letter-spacing:4px;color:var( --e-global-color-accent );}.elementor-614 .elementor-element.elementor-element-fbb1c8d{text-align:start;}.elementor-614 .elementor-element.elementor-element-fbb1c8d .elementor-heading-title{font-family:var( --e-global-typography-secondary-font-family ), Sans-serif;font-size:var( --e-global-typography-secondary-font-size );font-weight:var( --e-global-typography-secondary-font-weight );line-height:var( --e-global-typography-secondary-line-height );color:#24465A;}.elementor-614 .elementor-element.elementor-element-d50e000{color:#363636;width:100%;max-width:100%;}.elementor-614 .elementor-element.elementor-element-ab73662{--display:flex;--flex-direction:column;--container-widget-width:100%;--container-widget-height:initial;--container-widget-flex-grow:0;--container-widget-align-self:initial;--flex-wrap-mobile:wrap;--overlay-opacity:0.5;--padding-top:0%;--padding-bottom:5%;--padding-left:0%;--padding-right:0%;}.elementor-614 .elementor-element.elementor-element-ab73662::before, .elementor-614 .elementor-element.elementor-element-ab73662 > .elementor-background-video-container::before, .elementor-614 .elementor-element.elementor-element-ab73662 > .e-con-inner > .elementor-background-video-container::before, .elementor-614 .elementor-element.elementor-element-ab73662 > .elementor-background-slideshow::before, .elementor-614 .elementor-element.elementor-element-ab73662 > .e-con-inner > .elementor-background-slideshow::before, .elementor-614 .elementor-element.elementor-element-ab73662 > .elementor-motion-effects-container > .elementor-motion-effects-layer::before{--background-overlay:'';background-position:5% 90%;background-repeat:no-repeat;background-size:20% auto;}.elementor-614 .elementor-element.elementor-element-58c057a{--display:flex;--flex-direction:column;--container-widget-width:100%;--container-widget-height:initial;--container-widget-flex-grow:0;--container-widget-align-self:initial;--flex-wrap-mobile:wrap;--padding-top:2%;--padding-bottom:0%;--padding-left:40%;--padding-right:0%;}.elementor-614 .elementor-element.elementor-element-4d80dba{text-align:start;}.elementor-614 .elementor-element.elementor-element-4d80dba .elementor-heading-title{font-family:\"League Spartan\", Sans-serif;font-size:17px;font-weight:400;text-transform:uppercase;letter-spacing:4px;color:var( --e-global-color-accent );}.elementor-614 .elementor-element.elementor-element-0e74893{text-align:start;}.elementor-614 .elementor-element.elementor-element-0e74893 .elementor-heading-title{font-family:var( --e-global-typography-secondary-font-family ), Sans-serif;font-size:var( --e-global-typography-secondary-font-size );font-weight:var( --e-global-typography-secondary-font-weight );line-height:var( --e-global-typography-secondary-line-height );color:var( --e-global-color-primary );}.elementor-614 .elementor-element.elementor-element-709584d{color:#363636;width:100%;max-width:100%;}.elementor-614 .elementor-element.elementor-element-709584d.elementor-element{--align-self:flex-end;}.elementor-614 .elementor-element.elementor-element-fd3687d .elementor-button:hover, .elementor-614 .elementor-element.elementor-element-fd3687d .elementor-button:focus{color:#24465A;background-color:#02010100;}.elementor-614 .elementor-element.elementor-element-fd3687d .elementor-button:hover svg, .elementor-614 .elementor-element.elementor-element-fd3687d .elementor-button:focus svg{fill:#24465A;}.elementor-614 .elementor-element.elementor-element-fd3687d .elementor-button{border-style:solid;border-width:2px 2px 2px 2px;border-color:#24465A;}@media(max-width:1366px){.elementor-614 .elementor-element.elementor-element-711f7354{--min-height:30vh;}.elementor-614 .elementor-element.elementor-element-711f7354:not(.elementor-motion-effects-element-type-background), .elementor-614 .elementor-element.elementor-element-711f7354 > .elementor-motion-effects-container > .elementor-motion-effects-layer{background-repeat:repeat;background-size:contain;}.elementor-614 .elementor-element.elementor-element-ebd29d3 .elementor-heading-title{font-size:var( --e-global-typography-secondary-font-size );line-height:var( --e-global-typography-secondary-line-height );}.elementor-614 .elementor-element.elementor-element-fbb1c8d .elementor-heading-title{font-size:var( --e-global-typography-secondary-font-size );line-height:var( --e-global-typography-secondary-line-height );}.elementor-614 .elementor-element.elementor-element-0e74893 .elementor-heading-title{font-size:var( --e-global-typography-secondary-font-size );line-height:var( --e-global-typography-secondary-line-height );}}@media(max-width:1200px){.elementor-614 .elementor-element.elementor-element-5b7efba{--padding-top:25px;--padding-bottom:25px;--padding-left:25px;--padding-right:25px;}.elementor-614 .elementor-element.elementor-element-ab73662{--padding-top:25px;--padding-bottom:25px;--padding-left:25px;--padding-right:25px;}}@media(max-width:1024px){.elementor-614 .elementor-element.elementor-element-711f7354{--min-height:23vh;--padding-top:80px;--padding-bottom:80px;--padding-left:10px;--padding-right:10px;}.elementor-614 .elementor-element.elementor-element-6bedb8c{--margin-top:0px;--margin-bottom:0px;--margin-left:10px;--margin-right:10px;}.elementor-614 .elementor-element.elementor-element-ebd29d3{text-align:center;}.elementor-614 .elementor-element.elementor-element-ebd29d3 .elementor-heading-title{font-size:var( --e-global-typography-secondary-font-size );line-height:var( --e-global-typography-secondary-line-height );}.elementor-614 .elementor-element.elementor-element-5b7efba::before, .elementor-614 .elementor-element.elementor-element-5b7efba > .elementor-background-video-container::before, .elementor-614 .elementor-element.elementor-element-5b7efba > .e-con-inner > .elementor-background-video-container::before, .elementor-614 .elementor-element.elementor-element-5b7efba > .elementor-background-slideshow::before, .elementor-614 .elementor-element.elementor-element-5b7efba > .e-con-inner > .elementor-background-slideshow::before, .elementor-614 .elementor-element.elementor-element-5b7efba > .elementor-motion-effects-container > .elementor-motion-effects-layer::before{background-position:0% 0%;}.elementor-614 .elementor-element.elementor-element-5b7efba{--padding-top:25px;--padding-bottom:25px;--padding-left:25px;--padding-right:25px;}.elementor-614 .elementor-element.elementor-element-424027e{--padding-top:0px;--padding-bottom:0px;--padding-left:0px;--padding-right:0px;}.elementor-614 .elementor-element.elementor-element-07d5b71 .elementor-heading-title{font-size:16px;}.elementor-614 .elementor-element.elementor-element-fbb1c8d{text-align:start;}.elementor-614 .elementor-element.elementor-element-fbb1c8d .elementor-heading-title{font-size:var( --e-global-typography-secondary-font-size );line-height:var( --e-global-typography-secondary-line-height );}.elementor-614 .elementor-element.elementor-element-ab73662::before, .elementor-614 .elementor-element.elementor-element-ab73662 > .elementor-background-video-container::before, .elementor-614 .elementor-element.elementor-element-ab73662 > .e-con-inner > .elementor-background-video-container::before, .elementor-614 .elementor-element.elementor-element-ab73662 > .elementor-background-slideshow::before, .elementor-614 .elementor-element.elementor-element-ab73662 > .e-con-inner > .elementor-background-slideshow::before, .elementor-614 .elementor-element.elementor-element-ab73662 > .elementor-motion-effects-container > .elementor-motion-effects-layer::before{background-position:0% 0%;}.elementor-614 .elementor-element.elementor-element-ab73662{--padding-top:25px;--padding-bottom:25px;--padding-left:25px;--padding-right:25px;}.elementor-614 .elementor-element.elementor-element-58c057a{--padding-top:0px;--padding-bottom:0px;--padding-left:0px;--padding-right:0px;}.elementor-614 .elementor-element.elementor-element-4d80dba .elementor-heading-title{font-size:16px;}.elementor-614 .elementor-element.elementor-element-0e74893{text-align:start;}.elementor-614 .elementor-element.elementor-element-0e74893 .elementor-heading-title{font-size:var( --e-global-typography-secondary-font-size );line-height:var( --e-global-typography-secondary-line-height );}}@media(max-width:767px){.elementor-614 .elementor-element.elementor-element-711f7354{--min-height:0vh;--padding-top:50px;--padding-bottom:50px;--padding-left:5px;--padding-right:5px;}.elementor-614 .elementor-element.elementor-element-ebd29d3{text-align:center;}.elementor-614 .elementor-element.elementor-element-ebd29d3 .elementor-heading-title{font-size:var( --e-global-typography-secondary-font-size );line-height:var( --e-global-typography-secondary-line-height );}.elementor-614 .elementor-element.elementor-element-5b7efba::before, .elementor-614 .elementor-element.elementor-element-5b7efba > .elementor-background-video-container::before, .elementor-614 .elementor-element.elementor-element-5b7efba > .e-con-inner > .elementor-background-video-container::before, .elementor-614 .elementor-element.elementor-element-5b7efba > .elementor-background-slideshow::before, .elementor-614 .elementor-element.elementor-element-5b7efba > .e-con-inner > .elementor-background-slideshow::before, .elementor-614 .elementor-element.elementor-element-5b7efba > .elementor-motion-effects-container > .elementor-motion-effects-layer::before{background-position:0% 0%;}.elementor-614 .elementor-element.elementor-element-5b7efba{--padding-top:50px;--padding-bottom:25px;--padding-left:25px;--padding-right:25px;}.elementor-614 .elementor-element.elementor-element-424027e{--padding-top:0px;--padding-bottom:0px;--padding-left:0px;--padding-right:0px;}.elementor-614 .elementor-element.elementor-element-07d5b71 .elementor-heading-title{font-size:15px;}.elementor-614 .elementor-element.elementor-element-fbb1c8d{text-align:start;}.elementor-614 .elementor-element.elementor-element-fbb1c8d .elementor-heading-title{font-size:var( --e-global-typography-secondary-font-size );line-height:var( --e-global-typography-secondary-line-height );}.elementor-614 .elementor-element.elementor-element-ab73662::before, .elementor-614 .elementor-element.elementor-element-ab73662 > .elementor-background-video-container::before, .elementor-614 .elementor-element.elementor-element-ab73662 > .e-con-inner > .elementor-background-video-container::before, .elementor-614 .elementor-element.elementor-element-ab73662 > .elementor-background-slideshow::before, .elementor-614 .elementor-element.elementor-element-ab73662 > .e-con-inner > .elementor-background-slideshow::before, .elementor-614 .elementor-element.elementor-element-ab73662 > .elementor-motion-effects-container > .elementor-motion-effects-layer::before{background-position:0% 0%;}.elementor-614 .elementor-element.elementor-element-ab73662{--padding-top:25px;--padding-bottom:50px;--padding-left:25px;--padding-right:25px;}.elementor-614 .elementor-element.elementor-element-58c057a{--padding-top:0px;--padding-bottom:0px;--padding-left:0px;--padding-right:0px;}.elementor-614 .elementor-element.elementor-element-4d80dba .elementor-heading-title{font-size:15px;}.elementor-614 .elementor-element.elementor-element-0e74893{text-align:start;}.elementor-614 .elementor-element.elementor-element-0e74893 .elementor-heading-title{font-size:var( --e-global-typography-secondary-font-size );line-height:var( --e-global-typography-secondary-line-height );}}@media(min-width:768px){.elementor-614 .elementor-element.elementor-element-711f7354{--content-width:900px;}}@media(min-width:1367px){.elementor-614 .elementor-element.elementor-element-5b7efba::before, .elementor-614 .elementor-element.elementor-element-5b7efba > .elementor-background-video-container::before, .elementor-614 .elementor-element.elementor-element-5b7efba > .e-con-inner > .elementor-background-video-container::before, .elementor-614 .elementor-element.elementor-element-5b7efba > .elementor-background-slideshow::before, .elementor-614 .elementor-element.elementor-element-5b7efba > .e-con-inner > .elementor-background-slideshow::before, .elementor-614 .elementor-element.elementor-element-5b7efba > .elementor-motion-effects-container > .elementor-motion-effects-layer::before{background-attachment:fixed;}.elementor-614 .elementor-element.elementor-element-ab73662::before, .elementor-614 .elementor-element.elementor-element-ab73662 > .elementor-background-video-container::before, .elementor-614 .elementor-element.elementor-element-ab73662 > .e-con-inner > .elementor-background-video-container::before, .elementor-614 .elementor-element.elementor-element-ab73662 > .elementor-background-slideshow::before, .elementor-614 .elementor-element.elementor-element-ab73662 > .e-con-inner > .elementor-background-slideshow::before, .elementor-614 .elementor-element.elementor-element-ab73662 > .elementor-motion-effects-container > .elementor-motion-effects-layer::before{background-attachment:fixed;}}@media(min-width:2400px){.elementor-614 .elementor-element.elementor-element-711f7354{--min-height:60vh;}.elementor-614 .elementor-element.elementor-element-711f7354:not(.elementor-motion-effects-element-type-background), .elementor-614 .elementor-element.elementor-element-711f7354 > .elementor-motion-effects-container > .elementor-motion-effects-layer{background-repeat:repeat;background-size:contain;}.elementor-614 .elementor-element.elementor-element-ebd29d3 .elementor-heading-title{font-size:var( --e-global-typography-secondary-font-size );line-height:var( --e-global-typography-secondary-line-height );}.elementor-614 .elementor-element.elementor-element-fbb1c8d .elementor-heading-title{font-size:var( --e-global-typography-secondary-font-size );line-height:var( --e-global-typography-secondary-line-height );}.elementor-614 .elementor-element.elementor-element-0e74893 .elementor-heading-title{font-size:var( --e-global-typography-secondary-font-size );line-height:var( --e-global-typography-secondary-line-height );}}<\/style>\t\t<div data-elementor-type=\"wp-page\" data-elementor-id=\"614\" class=\"elementor elementor-614\" data-elementor-post-type=\"page\">\n\t\t\t\t<div class=\"elementor-element elementor-element-711f7354 e-flex e-con-boxed e-con e-parent\" data-id=\"711f7354\" data-element_type=\"container\" data-e-type=\"container\" data-settings=\"{&quot;background_background&quot;:&quot;classic&quot;}\">\n\t\t\t\t\t<div class=\"e-con-inner\">\n\t\t<div class=\"elementor-element elementor-element-6bedb8c e-con-full e-flex e-con e-child\" data-id=\"6bedb8c\" data-element_type=\"container\" data-e-type=\"container\">\n\t\t\t\t<div class=\"elementor-element elementor-element-ebd29d3 elementor-widget elementor-widget-heading\" data-id=\"ebd29d3\" data-element_type=\"widget\" data-e-type=\"widget\" data-widget_type=\"heading.default\">\n\t\t\t\t<div class=\"elementor-widget-container\">\n\t\t\t\t\t<h2 class=\"elementor-heading-title elementor-size-default\">About us<\/h2>\t\t\t\t<\/div>\n\t\t\t\t<\/div>\n\t\t\t\t<\/div>\n\t\t\t\t\t<\/div>\n\t\t\t\t<\/div>\n\t\t<div class=\"elementor-element elementor-element-5b7efba e-flex e-con-boxed e-con e-parent\" data-id=\"5b7efba\" data-element_type=\"container\" data-e-type=\"container\">\n\t\t\t\t\t<div class=\"e-con-inner\">\n\t\t<div class=\"elementor-element elementor-element-424027e e-con-full animated-slow e-flex elementor-invisible e-con e-child\" data-id=\"424027e\" data-element_type=\"container\" data-e-type=\"container\" data-settings=\"{&quot;animation&quot;:&quot;fadeInUp&quot;}\">\n\t\t\t\t<div class=\"elementor-element elementor-element-07d5b71 elementor-widget elementor-widget-heading\" data-id=\"07d5b71\" data-element_type=\"widget\" data-e-type=\"widget\" data-widget_type=\"heading.default\">\n\t\t\t\t<div class=\"elementor-widget-container\">\n\t\t\t\t\t<h3 class=\"elementor-heading-title elementor-size-default\">About us<\/h3>\t\t\t\t<\/div>\n\t\t\t\t<\/div>\n\t\t\t\t<div class=\"elementor-element elementor-element-fbb1c8d elementor-widget elementor-widget-heading\" data-id=\"fbb1c8d\" data-element_type=\"widget\" data-e-type=\"widget\" data-widget_type=\"heading.default\">\n\t\t\t\t<div class=\"elementor-widget-container\">\n\t\t\t\t\t<h2 class=\"elementor-heading-title elementor-size-default\">Our expertise<\/h2>\t\t\t\t<\/div>\n\t\t\t\t<\/div>\n\t\t\t\t<div class=\"elementor-element elementor-element-d50e000 elementor-widget__width-inherit elementor-widget elementor-widget-text-editor\" data-id=\"d50e000\" data-element_type=\"widget\" data-e-type=\"widget\" data-widget_type=\"text-editor.default\">\n\t\t\t\t<div class=\"elementor-widget-container\">\n\t\t\t\t\t\t\t\t\t<p>We live and breathe brands - and have been doing so for a long time!<br \/>For over 35 years, the Lizenzwerft crew's heart has been beating for their brands and their market.<\/p><p>With his many years of experience as General Manager of Warner Bros. and the development of the licensing business at Herlitz behind him, Peter Bichler founded LizenzWerft GmbH in Hamburg in 2011. The boutique agency LizenzWerft has continuously developed from its original focus on entertainment licenses.<\/p><p>In 2018, Christopher Conzen came on board as Co-Owner and Managing Director. Thanks to his 25 years as Managing Director of the MILES Group, he not only has excellent knowledge of the market, but also a network of producers, retail partners and brand owners that has existed for decades. With Christopher Conzen, the area of brand development was added to our service portfolio.<br \/><br \/>In 2025, Stefan Hausberg joined the management team as a partner. With 20 years of experience at Warner Bros., most recently as Vice President of Consumer Products, Stefan Hausberg is a proven expert in licensing and has a very broad network. He replaces Peter Bichler, who will continue to support Lizenzwerft in an advisory capacity.\u00a0<\/p>\t\t\t\t\t\t\t\t<\/div>\n\t\t\t\t<\/div>\n\t\t\t\t<\/div>\n\t\t\t\t\t<\/div>\n\t\t\t\t<\/div>\n\t\t<div class=\"elementor-element elementor-element-ab73662 e-flex e-con-boxed e-con e-parent\" data-id=\"ab73662\" data-element_type=\"container\" data-e-type=\"container\">\n\t\t\t\t\t<div class=\"e-con-inner\">\n\t\t<div class=\"elementor-element elementor-element-58c057a e-con-full animated-slow e-flex elementor-invisible e-con e-child\" data-id=\"58c057a\" data-element_type=\"container\" data-e-type=\"container\" data-settings=\"{&quot;animation&quot;:&quot;fadeInUp&quot;}\">\n\t\t\t\t<div class=\"elementor-element elementor-element-4d80dba elementor-widget elementor-widget-heading\" data-id=\"4d80dba\" data-element_type=\"widget\" data-e-type=\"widget\" data-widget_type=\"heading.default\">\n\t\t\t\t<div class=\"elementor-widget-container\">\n\t\t\t\t\t<h3 class=\"elementor-heading-title elementor-size-default\">the process<\/h3>\t\t\t\t<\/div>\n\t\t\t\t<\/div>\n\t\t\t\t<div class=\"elementor-element elementor-element-0e74893 elementor-widget elementor-widget-heading\" data-id=\"0e74893\" data-element_type=\"widget\" data-e-type=\"widget\" data-widget_type=\"heading.default\">\n\t\t\t\t<div class=\"elementor-widget-container\">\n\t\t\t\t\t<h2 class=\"elementor-heading-title elementor-size-default\">That's our strategy<\/h2>\t\t\t\t<\/div>\n\t\t\t\t<\/div>\n\t\t\t\t<div class=\"elementor-element elementor-element-709584d elementor-widget__width-inherit elementor-widget elementor-widget-text-editor\" data-id=\"709584d\" data-element_type=\"widget\" data-e-type=\"widget\" data-widget_type=\"text-editor.default\">\n\t\t\t\t<div class=\"elementor-widget-container\">\n\t\t\t\t\t\t\t\t\tWhether major designer brands represented by us such as LOOKS by Wolfgang Joop or lifestyle brands such as Rock Your Curves by Angelina Kirsch and Gin Tonic - the focus is on the strategic development of each individual brand. Strong sports brands with heritage such as the legendary HiFly brand, sustainability brands such as TIDE ocean bound Plastic and health brands such as provital are also part of the LizenzWerft portfolio.\n\nThe development of a brand, the precise placement of licences and the continuous development of the brand vision is carried out by us together with the respective partners in a strategic and brand-promoting manner.\n\nMeet the crew!\t\t\t\t\t\t\t\t<\/div>\n\t\t\t\t<\/div>\n\t\t\t\t<div class=\"elementor-element elementor-element-fd3687d elementor-align-left elementor-widget elementor-widget-button\" data-id=\"fd3687d\" data-element_type=\"widget\" data-e-type=\"widget\" data-widget_type=\"button.default\">\n\t\t\t\t<div class=\"elementor-widget-container\">\n\t\t\t\t\t\t\t\t\t<div class=\"elementor-button-wrapper\">\n\t\t\t\t\t<a class=\"elementor-button elementor-button-link elementor-size-sm\" href=\"\/en\/crew\/\">\n\t\t\t\t\t\t<span class=\"elementor-button-content-wrapper\">\n\t\t\t\t\t\t\t\t\t<span class=\"elementor-button-text\">To the crew<\/span>\n\t\t\t\t\t<\/span>\n\t\t\t\t\t<\/a>\n\t\t\t\t<\/div>\n\t\t\t\t\t\t\t\t<\/div>\n\t\t\t\t<\/div>\n\t\t\t\t<\/div>\n\t\t\t\t\t<\/div>\n\t\t\t\t<\/div>\n\t\t\t\t<\/div>","protected":false},"excerpt":{"rendered":"<p>\u00dcber Uns About us Unsere Expertise Wir l(i)eben Marken \u2013 und das schon richtig lange!Seit \u00fcber 35 Jahren schl\u00e4gt das Herz der LizenzWerft-Crew f\u00fcr ihre Marken und deren Markt. Mit seinen langj\u00e4hrigen Erfahrungen als General Manager von Warner Bros. und dem Aufbau des Lizenzgesch\u00e4fts bei Herlitz im R\u00fccken, gr\u00fcndete Peter Bichler 2011 die LizenzWerft GmbH&hellip; <a class=\"more-link\" href=\"https:\/\/lizenzwerft.de\/en\/about\/\">Continue reading <span class=\"screen-reader-text\">About<\/span><\/a><\/p>","protected":false},"author":4,"featured_media":0,"parent":0,"menu_order":0,"comment_status":"closed","ping_status":"closed","template":"elementor_header_footer","meta":{"footnotes":""},"class_list":["post-614","page","type-page","status-publish","hentry","entry"],"_links":{"self":[{"href":"https:\/\/lizenzwerft.de\/en\/wp-json\/wp\/v2\/pages\/614","targetHints":{"allow":["GET"]}}],"collection":[{"href":"https:\/\/lizenzwerft.de\/en\/wp-json\/wp\/v2\/pages"}],"about":[{"href":"https:\/\/lizenzwerft.de\/en\/wp-json\/wp\/v2\/types\/page"}],"author":[{"embeddable":true,"href":"https:\/\/lizenzwerft.de\/en\/wp-json\/wp\/v2\/users\/4"}],"replies":[{"embeddable":true,"href":"https:\/\/lizenzwerft.de\/en\/wp-json\/wp\/v2\/comments?post=614"}],"version-history":[{"count":388,"href":"https:\/\/lizenzwerft.de\/en\/wp-json\/wp\/v2\/pages\/614\/revisions"}],"predecessor-version":[{"id":4789,"href":"https:\/\/lizenzwerft.de\/en\/wp-json\/wp\/v2\/pages\/614\/revisions\/4789"}],"wp:attachment":[{"href":"https:\/\/lizenzwerft.de\/en\/wp-json\/wp\/v2\/media?parent=614"}],"curies":[{"name":"wp","href":"https:\/\/api.w.org\/{rel}","templated":true}]}}